{"id":1909,"date":"2025-07-17T10:34:59","date_gmt":"2025-07-17T08:34:59","guid":{"rendered":"https:\/\/maler-rix.de\/?page_id=1909"},"modified":"2025-07-18T13:00:28","modified_gmt":"2025-07-18T11:00:28","slug":"werde-teil-unseres-teams","status":"publish","type":"page","link":"https:\/\/maler-rix.de\/?page_id=1909","title":{"rendered":"Verst\u00e4rkung f\u00fcr unser Team!"},"content":{"rendered":"<p>[vc_row full_width=&#8221;stretch_row&#8221; css_animation=&#8221;fadeIn&#8221; css=&#8221;.vc_custom_1582549111512{background-color: #f0f4f7 !important;}&#8221;][vc_column][vc_empty_space alter_height=&#8221;small&#8221; hide_on_mobile=&#8221;&#8221; css=&#8221;.vc_custom_1752746912226{margin-top: 1rem !important;}&#8221;][vc_column_text]<\/p>\n<p style=\"text-align: left;\" data-start=\"116\" data-end=\"314\">Wir von der Willy Rix GmbH geben t\u00e4glich unser Bestes, um unser Handwerk mit Leidenschaft weiterzuentwickeln und die W\u00fcnsche unserer Kunden durch hochwertige und kreative Ausf\u00fchrung zu erf\u00fcllen. Damit unsere Liebe zur Malerei auch weiterhin bei unseren Kunden ankommt, suchen wir stetig talentierte, engagierte und kreative Verst\u00e4rkung \u2013 egal ob Berufseinsteiger oder erfahrener Maler- und Lackierer.<\/p>\n<p style=\"text-align: left;\" data-start=\"523\" data-end=\"653\">Du brennst f\u00fcr Gestaltung und m\u00f6chtest deine Ideen als Maler- und Lackierer verwirklichen? Dann bist du bei uns genau richtig! Dich erwartet ein starkes Team, das zuverl\u00e4ssig und eigenverantwortlich arbeitet \u2013 und dabei auf eine gute Atmosph\u00e4re setzt.<\/p>\n<p style=\"text-align: left;\" data-start=\"781\" data-end=\"813\">Dein Beratungsteam der Willy Rix GmbH<\/p>\n<p>[\/vc_column_text][vc_empty_space alter_height=&#8221;small&#8221; hide_on_mobile=&#8221;&#8221;][vc_raw_html]JTNDbGluayUwQSUwOXJlbCUzRCUyMnN0eWxlc2hlZXQlMjIlMEElMDlocmVmJTNEJTIyaHR0cHMlM0ElMkYlMkZjZG5qcy5jbG91ZGZsYXJlLmNvbSUyRmFqYXglMkZsaWJzJTJGZm9udC1hd2Vzb21lJTJGNi41LjAlMkZjc3MlMkZhbGwubWluLmNzcyUyMiUwQSUyRiUzRSUwQSUwQSUzQ3N0eWxlJTNFJTBBJTA5LnZjYXJkLWJ1dHRvbiUyMCU3QiUwQSUwOSUwOWRpc3BsYXklM0ElMjBpbmxpbmUtYmxvY2slM0IlMEElMDklMDlwYWRkaW5nJTNBJTIwMTJweCUyMDIwcHglM0IlMEElMDklMDljdXJzb3IlM0ElMjBwb2ludGVyJTNCJTBBJTA5JTA5bWFyZ2luLWJvdHRvbSUzQSUyMDIwcHglM0IlMEElMDklMDl0ZXh0LWFsaWduJTNBJTIwY2VudGVyJTNCJTBBJTA5JTA5d2hpdGUtc3BhY2UlM0ElMjBub3JtYWwlM0IlMEElMDklMDlib3gtc2l6aW5nJTNBJTIwYm9yZGVyLWJveCUzQiUwQSUwOSUwOWZvbnQtc2l6ZSUzQSUyMDE2cHglM0IlMEElMDklN0QlMEElMEElMDkuYnV0dG9uLXJvdyUyMCU3QiUwQSUwOSUwOWRpc3BsYXklM0ElMjBmbGV4JTNCJTBBJTA5JTA5Z2FwJTNBJTIwMzBweCUzQiUwQSUwOSUwOW1hcmdpbi10b3AlM0ElMjAyMHB4JTNCJTBBJTA5JTA5anVzdGlmeS1jb250ZW50JTNBJTIwY2VudGVyJTNCJTBBJTA5JTA5d2lkdGglM0ElMjAxMDAlMjUlM0IlMEElMDklN0QlMEElMEElMDkuYnV0dG9uLXJvdyUyMC52Y2FyZC1idXR0b24lMjAlN0IlMEElMDklMDlmbGV4JTNBJTIwMSUzQiUwQSUwOSUwOW1pbi13aWR0aCUzQSUyMDE1MHB4JTNCJTBBJTA5JTA5bWF4LXdpZHRoJTNBJTIwMjUwcHglM0IlMEElMDklN0QlMEElMEElMDkudmNhcmQtY29udGVudCUyMCU3QiUwQSUwOSUwOW1heC1oZWlnaHQlM0ElMjAwJTNCJTBBJTA5JTA5b3ZlcmZsb3clM0ElMjBoaWRkZW4lM0IlMEElMDklMDlvcGFjaXR5JTNBJTIwMCUzQiUwQSUwOSUwOXRyYW5zZm9ybS1vcmlnaW4lM0ElMjB0b3AlM0IlMEElMDklMDl0cmFuc2l0aW9uJTNBJTIwbWF4LWhlaWdodCUyMDAuNHMlMjBlYXNlJTJDJTIwb3BhY2l0eSUyMDAuNHMlMjBlYXNlJTJDJTIwdHJhbnNmb3JtJTIwMC40cyUyMGVhc2UlM0IlMEElMDklN0QlMEElMEElMDkudmNhcmQtY29udGVudC5vcGVuJTIwJTdCJTBBJTA5JTA5bWF4LWhlaWdodCUzQSUyMDE1MDBweCUzQiUwQSUwOSUwOW9wYWNpdHklM0ElMjAxJTNCJTBBJTA5JTA5cGFkZGluZy10b3AlM0ElMjAyMHB4JTNCJTBBJTA5JTA5dHJhbnNmb3JtJTNBJTIwc2NhbGVZJTI4MSUyOSUzQiUwQSUwOSU3RCUwQSUwQSUwOSUyM0pvYkFwcGxpY2F0aW9uQnV0dG9uJTIwJTdCJTBBJTA5JTA5YmFja2dyb3VuZCUzQSUyMGxpbmVhci1ncmFkaWVudCUyOHRvJTIwcmlnaHQlMkMlMjAlMjMwMDU0YTYlMjA1MCUyNSUyQyUyMCUyM2ZmZmZmZiUyMDUwJTI1JTI5JTIwbm8tcmVwZWF0JTBBJTA5JTA5JTA5c2Nyb2xsJTIwbGVmdCUyMGJvdHRvbSUyMCUyRiUyMDIwMCUyNSUyMDEwMCUyNSUyMCUyMzAwNTRhNiUyMCUyMWltcG9ydGFudCUzQiUwQSUwOSUwOWNvbG9yJTNBJTIwd2hpdGUlM0IlMEElMDklMDlib3gtc2hhZG93JTNBJTIwMCUyMDAlMjAwJTIwMnB4JTIwcmdiYSUyODQ5JTJDJTIwMjEwJTJDJTIwNzglMkMlMjAwJTI5JTNCJTBBJTA5JTA5dHJhbnNpdGlvbiUzQSUyMGJveC1zaGFkb3clMjAwLjNzJTIwZWFzZSUyQyUyMGJhY2tncm91bmQtY29sb3IlMjAwLjNzJTIwZWFzZSUyQyUwQSUwOSUwOSUwOWNvbG9yJTIwMC4zcyUyMGVhc2UlM0IlMEElMDklMDlib3gtc2l6aW5nJTNBJTIwYm9yZGVyLWJveCUzQiUwQSUwOSUwOXBhZGRpbmclM0ElMjAxMHB4JTIwMjBweCUzQiUwQSUwOSUwOWN1cnNvciUzQSUyMHBvaW50ZXIlM0IlMEElMDklMDl0cmFuc2l0aW9uJTNBJTIwY29sb3IlMjAwLjNzJTIwZWFzZSUyQyUyMGJvcmRlci1jb2xvciUyMDAuM3MlMjBlYXNlJTJDJTBBJTA5JTA5JTA5YmFja2dyb3VuZC1jb2xvciUyMDAuM3MlMjBlYXNlJTNCJTBBJTA5JTdEJTBBJTBBJTA5JTIzQXBwcmVudGljZXNoaXBBcHBsaWNhdGlvbkJ1dHRvbiUyMCU3QiUwQSUwOSUwOWJhY2tncm91bmQlM0ElMjBsaW5lYXItZ3JhZGllbnQlMjh0byUyMHJpZ2h0JTJDJTIwJTIzY2IxODFlJTIwNTAlMjUlMkMlMjAlMjNmZmZmZmYlMjA1MCUyNSUyOSUyMG5vLXJlcGVhdCUwQSUwOSUwOSUwOXNjcm9sbCUyMGxlZnQlMjBib3R0b20lMjAlMkYlMjAyMDAlMjUlMjAxMDAlMjUlMjAlMjNjYjE4MWUlMjAlMjFpbXBvcnRhbnQlM0IlMEElMDklMDljb2xvciUzQSUyMHdoaXRlJTNCJTBBJTA5JTA5Ym94LXNoYWRvdyUzQSUyMDAlMjAwJTIwMCUyMDJweCUyMHJnYmElMjg0OSUyQyUyMDIxMCUyQyUyMDc4JTJDJTIwMCUyOSUzQiUwQSUwOSUwOXRyYW5zaXRpb24lM0ElMjBib3gtc2hhZG93JTIwMC4zcyUyMGVhc2UlMkMlMjBiYWNrZ3JvdW5kLWNvbG9yJTIwMC4zcyUyMGVhc2UlMkMlMEElMDklMDklMDljb2xvciUyMDAuM3MlMjBlYXNlJTNCJTBBJTA5JTA5Ym94LXNpemluZyUzQSUyMGJvcmRlci1ib3glM0IlMEElMDklMDlwYWRkaW5nJTNBJTIwMTBweCUyMDIwcHglM0IlMEElMDklMDljdXJzb3IlM0ElMjBwb2ludGVyJTNCJTBBJTA5JTA5dHJhbnNpdGlvbiUzQSUyMGNvbG9yJTIwMC4zcyUyMGVhc2UlMkMlMjBib3JkZXItY29sb3IlMjAwLjNzJTIwZWFzZSUyQyUwQSUwOSUwOSUwOWJhY2tncm91bmQtY29sb3IlMjAwLjNzJTIwZWFzZSUzQiUwQSUwOSU3RCUwQSUwQSUwOSUyM1doYXRzQXBwQnV0dG9uJTIwJTdCJTBBJTA5JTA5YmFja2dyb3VuZCUzQSUyMGxpbmVhci1ncmFkaWVudCUyOHRvJTIwcmlnaHQlMkMlMjAlMjMzMWQyNGUlMjA1MCUyNSUyQyUyMCUyMzAwNTRhNiUyMDUwJTI1JTI5JTIwbm8tcmVwZWF0JTBBJTA5JTA5JTA5c2Nyb2xsJTIwbGVmdCUyMGJvdHRvbSUyMCUyRiUyMDIwMCUyNSUyMDEwMCUyNSUyMCUyMzMxZDI0ZSUyMCUyMWltcG9ydGFudCUzQiUwQSUwOSUwOWNvbG9yJTNBJTIwd2hpdGUlM0IlMEElMDklMDlib3gtc2hhZG93JTNBJTIwMCUyMDAlMjAwJTIwMnB4JTIwcmdiYSUyODQ5JTJDJTIwMjEwJTJDJTIwNzglMkMlMjAwJTI5JTNCJTBBJTA5JTA5dHJhbnNpdGlvbiUzQSUyMGJveC1zaGFkb3clMjAwLjNzJTIwZWFzZSUyQyUyMGJhY2tncm91bmQtY29sb3IlMjAwLjNzJTIwZWFzZSUyQyUwQSUwOSUwOSUwOWNvbG9yJTIwMC4zcyUyMGVhc2UlM0IlMEElMDklMDlib3gtc2l6aW5nJTNBJTIwYm9yZGVyLWJveCUzQiUwQSUwOSUwOXBhZGRpbmclM0ElMjAxMHB4JTIwMjBweCUzQiUwQSUwOSUwOWN1cnNvciUzQSUyMHBvaW50ZXIlM0IlMEElMDklMDl0cmFuc2l0aW9uJTNBJTIwY29sb3IlMjAwLjNzJTIwZWFzZSUyQyUyMGJvcmRlci1jb2xvciUyMDAuM3MlMjBlYXNlJTJDJTBBJTA5JTA5JTA5YmFja2dyb3VuZC1jb2xvciUyMDAuM3MlMjBlYXNlJTNCJTBBJTA5JTdEJTBBJTBBJTA5JTIzV2hhdHNBcHBCdXR0b24lMjBpJTIwJTdCJTBBJTA5JTA5bWFyZ2luLXJpZ2h0JTNBJTIwOHB4JTNCJTBBJTA5JTdEJTBBJTBBJTA5JTQwbWVkaWElMjBzY3JlZW4lMjBhbmQlMjAlMjhtYXgtd2lkdGglM0ElMjA3NjhweCUyOSUyMCU3QiUwQSUwOS5idXR0b24tcm93JTIwJTdCJTBBJTA5JTA5ZmxleC1kaXJlY3Rpb24lM0ElMjBjb2x1bW4lM0IlMEElMDklMDlhbGlnbi1pdGVtcyUzQSUyMHN0cmV0Y2glM0IlMEElMDklMDlnYXAlM0ElMjAxNXB4JTNCJTBBJTA5JTdEJTBBJTBBJTA5LmJ1dHRvbi1yb3clMjAudmNhcmQtYnV0dG9uJTIwJTdCJTBBJTA5JTA5d2lkdGglM0ElMjAxMDAlMjUlM0IlMEElMDklMDltYXgtd2lkdGglM0ElMjBub25lJTNCJTBBJTA5JTdEJTBBJTBBJTA5LnZjYXJkLWNvbnRlbnQlMjAlN0IlMEElMDklMDlwYWRkaW5nLWxlZnQlM0ElMjAxMHB4JTNCJTBBJTA5JTA5cGFkZGluZy1yaWdodCUzQSUyMDEwcHglM0IlMEElMDklN0QlMEElN0QlMEElM0MlMkZzdHlsZSUzRSUwQSUwQSUzQ2RpdiUzRSUwQSUwOSUzQyUyMS0tJTIwQnV0dG9uLVplaWxlJTIwLS0lM0UlMEElMDklM0NkaXYlMjBjbGFzcyUzRCUyMmJ1dHRvbi1yb3clMjIlM0UlMEElMDklMDklM0NidXR0b24lMEElMDklMDklMDljbGFzcyUzRCUyMnZjYXJkLWJ1dHRvbiUyMiUwQSUwOSUwOSUwOWlkJTNEJTIySm9iQXBwbGljYXRpb25CdXR0b24lMjIlMEElMDklMDklMDlvbmNsaWNrJTNEJTIydG9nZ2xlSm9iRm9ybSUyOCUyOSUyMiUwQSUwOSUwOSUzRSUwQSUwOSUwOSUwOUJld2VyYnVuZyUyMHVtJTIwZWluZW4lMjBBcmJlaXRzcGxhdHolMEElMDklMDklM0MlMkZidXR0b24lM0UlMEElMDklMDklM0NidXR0b24lMEElMDklMDklMDljbGFzcyUzRCUyMnZjYXJkLWJ1dHRvbiUyMiUwQSUwOSUwOSUwOWlkJTNEJTIyQXBwcmVudGljZXNoaXBBcHBsaWNhdGlvbkJ1dHRvbiUyMiUwQSUwOSUwOSUwOW9uY2xpY2slM0QlMjJ0b2dnbGVBcHByZW50aWNlc2hpcEZvcm0lMjglMjklMjIlMEElMDklMDklM0UlMEElMDklMDklMDlCZXdlcmJ1bmclMjB1bSUyMGVpbmVuJTIwQXVzYmlsZHVuZ3NwbGF0eiUwQSUwOSUwOSUzQyUyRmJ1dHRvbiUzRSUwQSUwOSUwOSUzQ2J1dHRvbiUyMGNsYXNzJTNEJTIydmNhcmQtYnV0dG9uJTIyJTIwaWQlM0QlMjJXaGF0c0FwcEJ1dHRvbiUyMiUyMG9uY2xpY2slM0QlMjJvcGVuV2hhdHNBcHAlMjglMjklMjIlM0UlMEElMDklMDklMDklM0NpJTIwY2xhc3MlM0QlMjJmYWIlMjBmYS13aGF0c2FwcCUyMiUzRSUzQyUyRmklM0VXaGF0c2FwcC1Lb250YWt0JTBBJTA5JTA5JTNDJTJGYnV0dG9uJTNFJTBBJTA5JTNDJTJGZGl2JTNFJTBBJTBBJTA5JTNDJTIxLS0lMjBWZXJzdGVja3RlcyUyMEZvcm11bGFyJTIwLS0lM0UlMEElMDklM0NkaXYlMjBpZCUzRCUyMmZvcm1XcmFwcGVySm9iJTIyJTIwY2xhc3MlM0QlMjJ2Y2FyZC1jb250ZW50JTIyJTNFJTBBJTA5JTA5JTNDZGl2JTNFJTVCY29udGFjdC1mb3JtLTclMjBpZCUzRCUyMjEwODYlMjIlNUQlM0MlMkZkaXYlM0UlMEElMDklM0MlMkZkaXYlM0UlMEElMDklM0NkaXYlMjBpZCUzRCUyMmZvcm1XcmFwcGVyQXBwcmVudGljZSUyMiUyMGNsYXNzJTNEJTIydmNhcmQtY29udGVudCUyMiUzRSUwQSUwOSUwOSUzQ2RpdiUzRSU1QmNvbnRhY3QtZm9ybS03JTIwaWQlM0QlMjIxODUwJTIyJTVEJTNDJTJGZGl2JTNFJTBBJTA5JTNDJTJGZGl2JTNFJTBBJTNDJTJGZGl2JTNFJTBBJTBBJTNDc2NyaXB0JTNFJTBBJTA5ZnVuY3Rpb24lMjB0b2dnbGVKb2JGb3JtJTI4JTI5JTIwJTdCJTBBJTA5JTA5Y29uc3QlMjBqb2JGb3JtJTIwJTNEJTIwZG9jdW1lbnQuZ2V0RWxlbWVudEJ5SWQlMjglMjJmb3JtV3JhcHBlckpvYiUyMiUyOSUzQiUwQSUwOSUwOWNvbnN0JTIwYXBwcmVudGljZUZvcm0lMjAlM0QlMjBkb2N1bWVudC5nZXRFbGVtZW50QnlJZCUyOCUyMmZvcm1XcmFwcGVyQXBwcmVudGljZSUyMiUyOSUzQiUwQSUwQSUwOSUwOWNvbnN0JTIwaXNKb2JGb3JtT3BlbiUyMCUzRCUyMGpvYkZvcm0uY2xhc3NMaXN0LmNvbnRhaW5zJTI4JTIyb3BlbiUyMiUyOSUzQiUwQSUwQSUwOSUwOSUyRiUyRiUyMFNjaGxpZSVDMyU5RmUlMjBiZWlkZSUwQSUwOSUwOWpvYkZvcm0uY2xhc3NMaXN0LnJlbW92ZSUyOCUyMm9wZW4lMjIlMjklM0IlMEElMDklMDlhcHByZW50aWNlRm9ybS5jbGFzc0xpc3QucmVtb3ZlJTI4JTIyb3BlbiUyMiUyOSUzQiUwQSUwQSUwOSUwOSUyRiUyRiUyMFdlbm4lMjBkYXMlMjBKb2ItRm9ybSUyMG5pY2h0JTIwYmVyZWl0cyUyMG9mZmVuJTIwd2FyJTJDJTIwJUMzJUI2ZmZuZSUyMGVzJTBBJTA5JTA5aWYlMjAlMjglMjFpc0pvYkZvcm1PcGVuJTI5JTIwJTdCJTBBJTA5JTA5JTA5am9iRm9ybS5jbGFzc0xpc3QuYWRkJTI4JTIyb3BlbiUyMiUyOSUzQiUwQSUwOSUwOSU3RCUwQSUwOSU3RCUwQSUwQSUwOWZ1bmN0aW9uJTIwdG9nZ2xlQXBwcmVudGljZXNoaXBGb3JtJTI4JTI5JTIwJTdCJTBBJTA5JTA5Y29uc3QlMjBqb2JGb3JtJTIwJTNEJTIwZG9jdW1lbnQuZ2V0RWxlbWVudEJ5SWQlMjglMjJmb3JtV3JhcHBlckpvYiUyMiUyOSUzQiUwQSUwOSUwOWNvbnN0JTIwYXBwcmVudGljZUZvcm0lMjAlM0QlMjBkb2N1bWVudC5nZXRFbGVtZW50QnlJZCUyOCUyMmZvcm1XcmFwcGVyQXBwcmVudGljZSUyMiUyOSUzQiUwQSUwQSUwOSUwOWNvbnN0JTIwaXNBcHByZW50aWNlRm9ybU9wZW4lMjAlM0QlMjBhcHByZW50aWNlRm9ybS5jbGFzc0xpc3QuY29udGFpbnMlMjglMjJvcGVuJTIyJTI5JTNCJTBBJTBBJTA5JTA5JTJGJTJGJTIwU2NobGllJUMzJTlGZSUyMGJlaWRlJTBBJTA5JTA5am9iRm9ybS5jbGFzc0xpc3QucmVtb3ZlJTI4JTIyb3BlbiUyMiUyOSUzQiUwQSUwOSUwOWFwcHJlbnRpY2VGb3JtLmNsYXNzTGlzdC5yZW1vdmUlMjglMjJvcGVuJTIyJTI5JTNCJTBBJTBBJTA5JTA5JTJGJTJGJTIwV2VubiUyMGRhcyUyMEF1c2JpbGR1bmdzLUZvcm0lMjBuaWNodCUyMGJlcmVpdHMlMjBvZmZlbiUyMHdhciUyQyUyMCVDMyVCNmZmbmUlMjBlcyUwQSUwOSUwOWlmJTIwJTI4JTIxaXNBcHByZW50aWNlRm9ybU9wZW4lMjklMjAlN0IlMEElMDklMDklMDlhcHByZW50aWNlRm9ybS5jbGFzc0xpc3QuYWRkJTI4JTIyb3BlbiUyMiUyOSUzQiUwQSUwOSUwOSU3RCUwQSUwOSU3RCUwQSUwQSUwOWZ1bmN0aW9uJTIwb3BlbldoYXRzQXBwJTI4JTI5JTIwJTdCJTBBJTA5JTA5Y29uc3QlMjB1cmwlMjAlM0QlMjAlMjJodHRwcyUzQSUyRiUyRndhLm1lJTJGNDkxNTExNTYyODUzMCUyMiUzQiUwQSUwOSUwOXdpbmRvdy5vcGVuJTI4dXJsJTJDJTIwJTIyX2JsYW5rJTIyJTI5JTNCJTBBJTA5JTdEJTBBJTNDJTJGc2NyaXB0JTNFJTBB[\/vc_raw_html][vc_empty_space alter_height=&#8221;large&#8221; hide_on_mobile=&#8221;&#8221;][\/vc_column][\/vc_row]<\/p>\n","protected":false},"excerpt":{"rendered":"<p>[vc_row full_width=&#8221;stretch_row&#8221; css_animation=&#8221;fadeIn&#8221; css=&#8221;.vc_custom_1582549111512{background-color: #f0f4f7 !important;}&#8221;][vc_column][vc_empty_space alter_height=&#8221;small&#8221; hide_on_mobile=&#8221;&#8221; css=&#8221;.vc_custom_1752746912226{margin-top: 1rem !important;}&#8221;][vc_column_text] Wir von der Willy Rix GmbH geben t\u00e4glich unser Bestes, um unser Handwerk mit Leidenschaft weiterzuentwickeln und die W\u00fcnsche unserer Kunden durch hochwertige und kreative Ausf\u00fchrung zu erf\u00fcllen. Damit&hellip;<\/p>\n","protected":false},"author":1,"featured_media":0,"parent":2,"menu_order":0,"comment_status":"closed","ping_status":"closed","template":"","meta":[],"yoast_head":"<!-- This site is optimized with the Yoast SEO plugin v15.9 - https:\/\/yoast.com\/wordpress\/plugins\/seo\/ -->\n<title>Verst\u00e4rkung f\u00fcr unser Team! - Maler Rix<\/title>\n<meta name=\"robots\" content=\"index, follow, max-snippet:-1, max-image-preview:large, max-video-preview:-1\" \/>\n<link rel=\"canonical\" href=\"https:\/\/maler-rix.de\/?page_id=1909\" \/>\n<meta property=\"og:locale\" content=\"de_DE\" \/>\n<meta property=\"og:type\" content=\"article\" \/>\n<meta property=\"og:title\" content=\"Verst\u00e4rkung f\u00fcr unser Team! - Maler Rix\" \/>\n<meta property=\"og:description\" content=\"[vc_row full_width=&#8221;stretch_row&#8221; css_animation=&#8221;fadeIn&#8221; css=&#8221;.vc_custom_1582549111512{background-color: #f0f4f7 !important;}&#8221;][vc_column][vc_empty_space alter_height=&#8221;small&#8221; hide_on_mobile=&#8221;&#8221; css=&#8221;.vc_custom_1752746912226{margin-top: 1rem !important;}&#8221;][vc_column_text] Wir von der Willy Rix GmbH geben t\u00e4glich unser Bestes, um unser Handwerk mit Leidenschaft weiterzuentwickeln und die W\u00fcnsche unserer Kunden durch hochwertige und kreative Ausf\u00fchrung zu erf\u00fcllen. Damit&hellip;\" \/>\n<meta property=\"og:url\" content=\"https:\/\/maler-rix.de\/?page_id=1909\" \/>\n<meta property=\"og:site_name\" content=\"Maler Rix\" \/>\n<meta property=\"article:modified_time\" content=\"2025-07-18T11:00:28+00:00\" \/>\n<meta name=\"twitter:card\" content=\"summary_large_image\" \/>\n<meta name=\"twitter:label1\" content=\"Gesch\u00e4tzte Lesezeit\">\n\t<meta name=\"twitter:data1\" content=\"1\u00a0Minute\">\n<script type=\"application\/ld+json\" class=\"yoast-schema-graph\">{\"@context\":\"https:\/\/schema.org\",\"@graph\":[{\"@type\":\"WebSite\",\"@id\":\"https:\/\/maler-rix.de\/#website\",\"url\":\"https:\/\/maler-rix.de\/\",\"name\":\"Maler Rix\",\"description\":\"Malerbetrieb\",\"potentialAction\":[{\"@type\":\"SearchAction\",\"target\":\"https:\/\/maler-rix.de\/?s={search_term_string}\",\"query-input\":\"required name=search_term_string\"}],\"inLanguage\":\"de\"},{\"@type\":\"WebPage\",\"@id\":\"https:\/\/maler-rix.de\/?page_id=1909#webpage\",\"url\":\"https:\/\/maler-rix.de\/?page_id=1909\",\"name\":\"Verst\\u00e4rkung f\\u00fcr unser Team! - Maler Rix\",\"isPartOf\":{\"@id\":\"https:\/\/maler-rix.de\/#website\"},\"datePublished\":\"2025-07-17T08:34:59+00:00\",\"dateModified\":\"2025-07-18T11:00:28+00:00\",\"breadcrumb\":{\"@id\":\"https:\/\/maler-rix.de\/?page_id=1909#breadcrumb\"},\"inLanguage\":\"de\",\"potentialAction\":[{\"@type\":\"ReadAction\",\"target\":[\"https:\/\/maler-rix.de\/?page_id=1909\"]}]},{\"@type\":\"BreadcrumbList\",\"@id\":\"https:\/\/maler-rix.de\/?page_id=1909#breadcrumb\",\"itemListElement\":[{\"@type\":\"ListItem\",\"position\":1,\"item\":{\"@type\":\"WebPage\",\"@id\":\"https:\/\/maler-rix.de\/\",\"url\":\"https:\/\/maler-rix.de\/\",\"name\":\"Startseite\"}},{\"@type\":\"ListItem\",\"position\":2,\"item\":{\"@type\":\"WebPage\",\"@id\":\"https:\/\/maler-rix.de\/\",\"url\":\"https:\/\/maler-rix.de\/\",\"name\":\"Ihr Malerbetrieb in Neum\\u00fcnster und Umgebung\"}},{\"@type\":\"ListItem\",\"position\":3,\"item\":{\"@type\":\"WebPage\",\"@id\":\"https:\/\/maler-rix.de\/?page_id=1909\",\"url\":\"https:\/\/maler-rix.de\/?page_id=1909\",\"name\":\"Verst\\u00e4rkung f\\u00fcr unser Team!\"}}]}]}<\/script>\n<!-- \/ Yoast SEO plugin. -->","_links":{"self":[{"href":"https:\/\/maler-rix.de\/index.php?rest_route=\/wp\/v2\/pages\/1909"}],"collection":[{"href":"https:\/\/maler-rix.de\/index.php?rest_route=\/wp\/v2\/pages"}],"about":[{"href":"https:\/\/maler-rix.de\/index.php?rest_route=\/wp\/v2\/types\/page"}],"author":[{"embeddable":true,"href":"https:\/\/maler-rix.de\/index.php?rest_route=\/wp\/v2\/users\/1"}],"replies":[{"embeddable":true,"href":"https:\/\/maler-rix.de\/index.php?rest_route=%2Fwp%2Fv2%2Fcomments&post=1909"}],"version-history":[{"count":14,"href":"https:\/\/maler-rix.de\/index.php?rest_route=\/wp\/v2\/pages\/1909\/revisions"}],"predecessor-version":[{"id":1990,"href":"https:\/\/maler-rix.de\/index.php?rest_route=\/wp\/v2\/pages\/1909\/revisions\/1990"}],"up":[{"embeddable":true,"href":"https:\/\/maler-rix.de\/index.php?rest_route=\/wp\/v2\/pages\/2"}],"wp:attachment":[{"href":"https:\/\/maler-rix.de\/index.php?rest_route=%2Fwp%2Fv2%2Fmedia&parent=1909"}],"curies":[{"name":"wp","href":"https:\/\/api.w.org\/{rel}","templated":true}]}}