{"id":1373,"date":"2020-08-26T10:30:24","date_gmt":"2020-08-26T08:30:24","guid":{"rendered":"https:\/\/maler-rix.de\/?page_id=1373"},"modified":"2020-09-09T09:25:13","modified_gmt":"2020-09-09T07:25:13","slug":"datenschutzerklaerung","status":"publish","type":"page","link":"https:\/\/maler-rix.de\/?page_id=1373","title":{"rendered":"Datenschutzerkl\u00e4rung"},"content":{"rendered":"<p>[vc_row full_width=&#8221;stretch_row&#8221; css_animation=&#8221;fadeIn&#8221; css=&#8221;.vc_custom_1582549111512{background-color: #f0f4f7 !important;}&#8221;][vc_column offset=&#8221;vc_col-md-offset-3 vc_col-md-6&#8243;][vc_empty_space alter_height=&#8221;large&#8221; hide_on_mobile=&#8221;&#8221; css=&#8221;.vc_custom_1493813024603{margin-top: 1rem !important;}&#8221;]<div id=\"sc_title_1735920084\"\n\t\tclass=\"sc_title sc_title_default\"><h3 class=\"sc_item_title sc_title_title sc_align_left sc_item_title_style_default\">Datenschutzerkl\u00e4rung<\/h3><\/div><!-- \/.sc_title -->[vc_empty_space alter_height=&#8221;small&#8221; hide_on_mobile=&#8221;&#8221;][vc_column_text]<\/p>\n<div class=\"fusion-text fusion-text-1\">\n<p>Daten sind f\u00fcr uns die Grundlage daf\u00fcr, einen ausgezeichneten Service zu leisten. Unser wichtigstes Kapital ist aber das Vertrauen unserer Kunden. Die Kundendaten zu sch\u00fctzen und sie nur so zu nutzen, wie es unsere Kunden von uns erwarten, hat f\u00fcr uns h\u00f6chste Priorit\u00e4t. Deshalb ist das Einhalten der gesetzlichen Bestimmungen zum Datenschutz f\u00fcr uns selbstverst\u00e4ndlich. Ferner ist es uns wichtig, dass Sie jederzeit wissen, wann wir welche Daten speichern und wie wir sie verwenden.<\/p>\n<p>Ihr Besuch unserer Webseite wird protokolliert. Erfasst werden im Wesentlichen die aktuell von Ihrem PC verwendete IP-Adresse, Datum und Uhrzeit, der Browsertyp, das Betriebssystem Ihres PC und die von Ihnen betrachteten Seiten. Ein Personenbezug ist uns im Regelfall nicht m\u00f6glich und auch nicht beabsichtigt.<br \/>\nDie personenbezogenen Daten, die Sie uns \u00fcber eine Webseite oder per E-Mail mitteilen (z.B. Ihr Name, Ihre Adresse und Ihre Telefonnummer oder Ihre E-Mail-Adresse), werden nur zur Korrespondenz mit Ihnen und nur f\u00fcr den Zweck verarbeitet, zu dem Sie uns die Daten zur Verf\u00fcgung gestellt haben.<br \/>\nWir verweisen gelegentlich auf die Webseiten Dritter. Obwohl wir diese Dritten sorgf\u00e4ltig aussuchen, k\u00f6nnen wir keine Gew\u00e4hr und Haftung f\u00fcr die Richtigkeit bzw. Vollst\u00e4ndigkeit der Inhalte und die Datensicherheit von Websites Dritter \u00fcbernehmen. Auch gilt diese Datenschutzerkl\u00e4rung nicht f\u00fcr verlinkte Webseiten Dritter.<\/p>\n<p>Sollten Sie mit der Speicherung Ihrer personenbezogenen Daten nicht mehr einverstanden sein oder diese unrichtig geworden sein, werden wir auf eine entsprechende Weisung hin die L\u00f6schung oder Sperrung Ihrer Daten veranlassen oder die notwendigen Korrekturen vornehmen (soweit dies nach geltendem Recht m\u00f6glich ist). Auf Wunsch erhalten Sie unentgeltlich Auskunft \u00fcber alle personenbezogenen Daten, die wir \u00fcber Sie gespeichert haben.<\/p>\n<p>Sollten Sie mit den hier dargestellten Ma\u00dfnahmen zum Datenschutz nicht zufrieden sein oder haben Sie noch Fragen betreffend die Erhebung, Verarbeitung und\/oder Nutzung Ihrer personenbezogenen Daten, so w\u00fcrden wir uns freuen, von Ihnen zu h\u00f6ren. Wir werden uns bem\u00fchen, Ihre Fragen so rasch wie m\u00f6glich zu beantworten und Ihre Anregungen umzusetzen. Bitte wenden Sie sich postalisch, telefonisch oder per E-Mail: info@maler-rix.de\u00a0an die verantwortliche Stelle.<\/p>\n<\/div>\n<p>[\/vc_column_text][vc_empty_space alter_height=&#8221;medium&#8221; hide_on_mobile=&#8221;&#8221;]<div id=\"sc_title_859321876\"\n\t\tclass=\"sc_title sc_title_default\"><h3 class=\"sc_item_title sc_title_title sc_align_left sc_item_title_style_default\">Haftungshinweise<\/h3><\/div><!-- \/.sc_title -->[vc_empty_space alter_height=&#8221;small&#8221; hide_on_mobile=&#8221;&#8221;][vc_empty_space hide_on_mobile=&#8221;&#8221;][vc_column_text]Alle auf dieser Webseite enthaltenen Informationen wurden mit gro\u00dfer Sorgfalt gepr\u00fcft. Wir \u00fcbernehmen jedoch keine Gew\u00e4hr daf\u00fcr, dass die Inhalte unserer eigenen Webseite jederzeit korrekt, vollst\u00e4ndig und auf dem neuesten Stand sind.<\/p>\n<p>Unsere Webseite enth\u00e4lt Links zu externen Webseiten Dritter, auf deren Inhalte wir keinen Einfluss haben. Deshalb k\u00f6nnen wir f\u00fcr diese fremden Inhalte auch keine Gew\u00e4hr \u00fcbernehmen. F\u00fcr die Inhalte der verlinkten Seiten ist stets der jeweilige Anbieter oder Betreiber der Seiten verantwortlich.[\/vc_column_text][vc_empty_space alter_height=&#8221;medium&#8221; hide_on_mobile=&#8221;&#8221;][\/vc_column][\/vc_row]<\/p>\n","protected":false},"excerpt":{"rendered":"<p>[vc_row full_width=&#8221;stretch_row&#8221; css_animation=&#8221;fadeIn&#8221; css=&#8221;.vc_custom_1582549111512{background-color: #f0f4f7 !important;}&#8221;][vc_column offset=&#8221;vc_col-md-offset-3 vc_col-md-6&#8243;][vc_empty_space alter_height=&#8221;large&#8221; hide_on_mobile=&#8221;&#8221; css=&#8221;.vc_custom_1493813024603{margin-top: 1rem !important;}&#8221;][vc_empty_space alter_height=&#8221;small&#8221; hide_on_mobile=&#8221;&#8221;][vc_column_text] Daten sind f\u00fcr uns die Grundlage daf\u00fcr, einen ausgezeichneten Service zu leisten. Unser wichtigstes Kapital ist aber das Vertrauen unserer Kunden. Die Kundendaten zu sch\u00fctzen&hellip;<\/p>\n","protected":false},"author":1,"featured_media":0,"parent":0,"menu_order":0,"comment_status":"closed","ping_status":"closed","template":"","meta":[],"yoast_head":"<!-- This site is optimized with the Yoast SEO plugin v15.9 - https:\/\/yoast.com\/wordpress\/plugins\/seo\/ -->\n<title>Datenschutzerkl\u00e4rung - Maler Rix<\/title>\n<meta name=\"robots\" content=\"index, follow, max-snippet:-1, max-image-preview:large, max-video-preview:-1\" \/>\n<link rel=\"canonical\" href=\"https:\/\/maler-rix.de\/?page_id=1373\" \/>\n<meta property=\"og:locale\" content=\"de_DE\" \/>\n<meta property=\"og:type\" content=\"article\" \/>\n<meta property=\"og:title\" content=\"Datenschutzerkl\u00e4rung - Maler Rix\" \/>\n<meta property=\"og:description\" content=\"[vc_row full_width=&#8221;stretch_row&#8221; css_animation=&#8221;fadeIn&#8221; css=&#8221;.vc_custom_1582549111512{background-color: #f0f4f7 !important;}&#8221;][vc_column offset=&#8221;vc_col-md-offset-3 vc_col-md-6&#8243;][vc_empty_space alter_height=&#8221;large&#8221; hide_on_mobile=&#8221;&#8221; css=&#8221;.vc_custom_1493813024603{margin-top: 1rem !important;}&#8221;][vc_empty_space alter_height=&#8221;small&#8221; hide_on_mobile=&#8221;&#8221;][vc_column_text] Daten sind f\u00fcr uns die Grundlage daf\u00fcr, einen ausgezeichneten Service zu leisten. Unser wichtigstes Kapital ist aber das Vertrauen unserer Kunden. Die Kundendaten zu sch\u00fctzen&hellip;\" \/>\n<meta property=\"og:url\" content=\"https:\/\/maler-rix.de\/?page_id=1373\" \/>\n<meta property=\"og:site_name\" content=\"Maler Rix\" \/>\n<meta property=\"article:modified_time\" content=\"2020-09-09T07:25:13+00:00\" \/>\n<meta name=\"twitter:card\" content=\"summary_large_image\" \/>\n<meta name=\"twitter:label1\" content=\"Gesch\u00e4tzte Lesezeit\">\n\t<meta name=\"twitter:data1\" content=\"3\u00a0Minuten\">\n<script type=\"application\/ld+json\" class=\"yoast-schema-graph\">{\"@context\":\"https:\/\/schema.org\",\"@graph\":[{\"@type\":\"WebSite\",\"@id\":\"https:\/\/maler-rix.de\/#website\",\"url\":\"https:\/\/maler-rix.de\/\",\"name\":\"Maler Rix\",\"description\":\"Malerbetrieb\",\"potentialAction\":[{\"@type\":\"SearchAction\",\"target\":\"https:\/\/maler-rix.de\/?s={search_term_string}\",\"query-input\":\"required name=search_term_string\"}],\"inLanguage\":\"de\"},{\"@type\":\"WebPage\",\"@id\":\"https:\/\/maler-rix.de\/?page_id=1373#webpage\",\"url\":\"https:\/\/maler-rix.de\/?page_id=1373\",\"name\":\"Datenschutzerkl\\u00e4rung - Maler Rix\",\"isPartOf\":{\"@id\":\"https:\/\/maler-rix.de\/#website\"},\"datePublished\":\"2020-08-26T08:30:24+00:00\",\"dateModified\":\"2020-09-09T07:25:13+00:00\",\"breadcrumb\":{\"@id\":\"https:\/\/maler-rix.de\/?page_id=1373#breadcrumb\"},\"inLanguage\":\"de\",\"potentialAction\":[{\"@type\":\"ReadAction\",\"target\":[\"https:\/\/maler-rix.de\/?page_id=1373\"]}]},{\"@type\":\"BreadcrumbList\",\"@id\":\"https:\/\/maler-rix.de\/?page_id=1373#breadcrumb\",\"itemListElement\":[{\"@type\":\"ListItem\",\"position\":1,\"item\":{\"@type\":\"WebPage\",\"@id\":\"https:\/\/maler-rix.de\/\",\"url\":\"https:\/\/maler-rix.de\/\",\"name\":\"Startseite\"}},{\"@type\":\"ListItem\",\"position\":2,\"item\":{\"@type\":\"WebPage\",\"@id\":\"https:\/\/maler-rix.de\/?page_id=1373\",\"url\":\"https:\/\/maler-rix.de\/?page_id=1373\",\"name\":\"Datenschutzerkl\\u00e4rung\"}}]}]}<\/script>\n<!-- \/ Yoast SEO plugin. -->","_links":{"self":[{"href":"https:\/\/maler-rix.de\/index.php?rest_route=\/wp\/v2\/pages\/1373"}],"collection":[{"href":"https:\/\/maler-rix.de\/index.php?rest_route=\/wp\/v2\/pages"}],"about":[{"href":"https:\/\/maler-rix.de\/index.php?rest_route=\/wp\/v2\/types\/page"}],"author":[{"embeddable":true,"href":"https:\/\/maler-rix.de\/index.php?rest_route=\/wp\/v2\/users\/1"}],"replies":[{"embeddable":true,"href":"https:\/\/maler-rix.de\/index.php?rest_route=%2Fwp%2Fv2%2Fcomments&post=1373"}],"version-history":[{"count":6,"href":"https:\/\/maler-rix.de\/index.php?rest_route=\/wp\/v2\/pages\/1373\/revisions"}],"predecessor-version":[{"id":1406,"href":"https:\/\/maler-rix.de\/index.php?rest_route=\/wp\/v2\/pages\/1373\/revisions\/1406"}],"wp:attachment":[{"href":"https:\/\/maler-rix.de\/index.php?rest_route=%2Fwp%2Fv2%2Fmedia&parent=1373"}],"curies":[{"name":"wp","href":"https:\/\/api.w.org\/{rel}","templated":true}]}}